{"id":38,"date":"2023-09-19T07:14:31","date_gmt":"2023-09-19T07:14:31","guid":{"rendered":"https:\/\/www.bocar.com.pl\/zgloszenia-serwisowe\/?page_id=38"},"modified":"2023-09-22T13:25:23","modified_gmt":"2023-09-22T13:25:23","slug":"wyslij-zgloszenie-serwisowe","status":"publish","type":"page","link":"https:\/\/www.bocar.com.pl\/zgloszenia-serwisowe\/","title":{"rendered":"Wy\u015blij zg\u0142oszenie serwisowe"},"content":{"rendered":"<section class=\"wpb-content-wrapper\"><p>[vc_row css_animation=&#8221;&#8221; row_type=&#8221;row&#8221; use_row_as_full_screen_section=&#8221;no&#8221; type=&#8221;grid&#8221; angled_section=&#8221;no&#8221; text_align=&#8221;left&#8221; background_image_as_pattern=&#8221;without_pattern&#8221; z_index=&#8221;&#8221; css=&#8221;.vc_custom_1695209392984{padding-top: 40px !important;padding-bottom: 40px !important;}&#8221;][vc_column][vc_column_text]<\/p>\n<h3>Prosimy o dok\u0142adne wype\u0142nienie wszystkich p\u00f3l formularza.<\/h3>\n<p>[\/vc_column_text][\/vc_column][\/vc_row][vc_row css_animation=&#8221;&#8221; row_type=&#8221;row&#8221; use_row_as_full_screen_section=&#8221;no&#8221; type=&#8221;grid&#8221; angled_section=&#8221;no&#8221; text_align=&#8221;left&#8221; background_image_as_pattern=&#8221;without_pattern&#8221; z_index=&#8221;&#8221;][vc_column]\n<div class=\"wpcf7 no-js\" id=\"wpcf7-f7-o1\" lang=\"pl-PL\" dir=\"ltr\" data-wpcf7-id=\"7\">\n<div class=\"screen-reader-response\"><p role=\"status\" aria-live=\"polite\" aria-atomic=\"true\"><\/p> <ul><\/ul><\/div>\n<form action=\"\/zgloszenia-serwisowe\/index.php?rest_route=%2Fwp%2Fv2%2Fpages%2F38#wpcf7-f7-o1\" method=\"post\" class=\"wpcf7-form init cf7_custom_style_2\" aria-label=\"Formularz kontaktowy\" enctype=\"multipart\/form-data\" novalidate=\"novalidate\" data-status=\"init\">\n<fieldset class=\"hidden-fields-container\"><input type=\"hidden\" name=\"_wpcf7\" value=\"7\" \/><input type=\"hidden\" name=\"_wpcf7_version\" value=\"6.1.5\" \/><input type=\"hidden\" name=\"_wpcf7_locale\" value=\"pl_PL\" \/><input type=\"hidden\" name=\"_wpcf7_unit_tag\" value=\"wpcf7-f7-o1\" \/><input type=\"hidden\" name=\"_wpcf7_container_post\" value=\"0\" \/><input type=\"hidden\" name=\"_wpcf7_posted_data_hash\" value=\"\" \/><input type=\"hidden\" name=\"_wpcf7dtx_version\" value=\"5.0.5\" \/><input type=\"hidden\" name=\"redirect_nonce\" value=\"cb083f32f3\" \/><input type=\"hidden\" name=\"wpcf7cfpdf_hidden_name\" value=\"document-pdf\" \/><input type=\"hidden\" name=\"wpcf7cfpdf_hidden_reference\" value=\"2bd78528\" \/><input type=\"hidden\" name=\"wpcf7cfpdf_hidden_date\" value=\"kwiecie\u014427,2026\" \/>\n<\/fieldset>\n<p><b><span class=\"wpcf7-form-control-wrap cf7-counter\" data-name=\"cf7-counter\"><input type=\"text\" name=\"cf7-counter\" class=\"wpcf7-form-control wpcf7-text wpcf7dtx wpcf7dtx-text\" aria-invalid=\"false\" value=\"Zg\u0142oszenie serwisowe nr: 00958\"><\/span><\/b>\n<\/p>\n<p><label> Imi\u0119 i nazwisko zg\u0142aszaj\u0105cego*:<br \/>\n<span class=\"wpcf7-form-control-wrap\" data-name=\"your-name\"><input size=\"40\" maxlength=\"400\" class=\"wpcf7-form-control wpcf7-text wpcf7-validates-as-required\" autocomplete=\"name\" aria-required=\"true\" aria-invalid=\"false\" value=\"\" type=\"text\" name=\"your-name\" \/><\/span> <\/label>\n<\/p>\n<p><label> Jednostka Stra\u017cy*:<br \/>\n<span class=\"wpcf7-form-control-wrap\" data-name=\"your-company\"><input size=\"40\" maxlength=\"400\" class=\"wpcf7-form-control wpcf7-text wpcf7-validates-as-required\" autocomplete=\"jednostka\" aria-required=\"true\" aria-invalid=\"false\" value=\"\" type=\"text\" name=\"your-company\" \/><\/span> <\/label>\n<\/p>\n<p><label> Adres jednostki:<br \/>\n<span class=\"wpcf7-form-control-wrap\" data-name=\"your-adres\"><input size=\"40\" maxlength=\"400\" class=\"wpcf7-form-control wpcf7-text\" autocomplete=\"adres\" aria-invalid=\"false\" value=\"\" type=\"text\" name=\"your-adres\" \/><\/span> <\/label>\n<\/p>\n<p><label> Wojew\u00f3dztwo:<br \/>\n<span class=\"wpcf7-form-control-wrap\" data-name=\"wojewodztwo\"><select class=\"wpcf7-form-control wpcf7-select\" aria-invalid=\"false\" name=\"wojewodztwo\"><option value=\"dolno\u015bl\u0105skie\">dolno\u015bl\u0105skie<\/option><option value=\"kujawsko-pomorskie\">kujawsko-pomorskie<\/option><option value=\"lubelskie\">lubelskie<\/option><option value=\"lubuskie\">lubuskie<\/option><option value=\"\u0142\u00f3dzkie\">\u0142\u00f3dzkie<\/option><option value=\"ma\u0142opolskie\">ma\u0142opolskie<\/option><option value=\"mazowieckie\">mazowieckie<\/option><option value=\"opolskie\">opolskie<\/option><option value=\"podkarpackie\">podkarpackie<\/option><option value=\"podlaskie\">podlaskie<\/option><option value=\"pomorskie\">pomorskie<\/option><option value=\"\u015bl\u0105skie\">\u015bl\u0105skie<\/option><option value=\"\u015bwi\u0119tokrzyskie\">\u015bwi\u0119tokrzyskie<\/option><option value=\"warmi\u0144sko-mazurskie\">warmi\u0144sko-mazurskie<\/option><option value=\"wielkopolskie\">wielkopolskie<\/option><option value=\"zachodniopomorskie\">zachodniopomorskie<\/option><\/select><\/span> <\/label>\n<\/p>\n<p><label> Powiat:<br \/>\n<span class=\"wpcf7-form-control-wrap\" data-name=\"your-powiat\"><input size=\"40\" maxlength=\"400\" class=\"wpcf7-form-control wpcf7-text\" autocomplete=\"powiat\" aria-invalid=\"false\" value=\"\" type=\"text\" name=\"your-powiat\" \/><\/span> <\/label>\n<\/p>\n<p><label> Telefon kontaktowy*:<br \/>\n<span class=\"wpcf7-form-control-wrap\" data-name=\"your-phone\"><input size=\"40\" maxlength=\"400\" class=\"wpcf7-form-control wpcf7-text wpcf7-validates-as-required\" autocomplete=\"telefon\" aria-required=\"true\" aria-invalid=\"false\" value=\"\" type=\"text\" name=\"your-phone\" \/><\/span> <\/label>\n<\/p>\n<p><label> Tw\u00f3j adres e-mail:<br \/>\n<span class=\"wpcf7-form-control-wrap\" data-name=\"your-email\"><input size=\"40\" maxlength=\"400\" class=\"wpcf7-form-control wpcf7-email wpcf7-validates-as-required wpcf7-text wpcf7-validates-as-email\" autocomplete=\"email\" aria-required=\"true\" aria-invalid=\"false\" value=\"\" type=\"email\" name=\"your-email\" \/><\/span> <\/label>\n<\/p>\n<p><label> Obs\u0142uga:<br \/>\n<span class=\"wpcf7-form-control-wrap\" data-name=\"obsluga\"><select class=\"wpcf7-form-control wpcf7-select\" aria-invalid=\"false\" name=\"obsluga\"><option value=\"gwarancyjna\">gwarancyjna<\/option><option value=\"pogwarancyjna\">pogwarancyjna<\/option><\/select><\/span> <\/label>\n<\/p>\n<p><label> Numer rejestracyjny pojazdu*:<br \/>\n<span class=\"wpcf7-form-control-wrap\" data-name=\"your-numerrejestracyjny\"><input size=\"40\" maxlength=\"400\" class=\"wpcf7-form-control wpcf7-text wpcf7-validates-as-required\" autocomplete=\"numer\" aria-required=\"true\" aria-invalid=\"false\" value=\"\" type=\"text\" name=\"your-numerrejestracyjny\" \/><\/span> <\/label>\n<\/p>\n<p><label> Numer zabudowy:<br \/>\n<span class=\"wpcf7-form-control-wrap\" data-name=\"your-numerzabudowy\"><input size=\"40\" maxlength=\"400\" class=\"wpcf7-form-control wpcf7-text\" autocomplete=\"numer\" aria-invalid=\"false\" value=\"\" type=\"text\" name=\"your-numerzabudowy\" \/><\/span> <\/label>\n<\/p>\n<p><label> Model pojazdu:<br \/>\n<span class=\"wpcf7-form-control-wrap\" data-name=\"your-pojazd\"><input size=\"40\" maxlength=\"400\" class=\"wpcf7-form-control wpcf7-text\" autocomplete=\"pojazd\" aria-invalid=\"false\" value=\"\" type=\"text\" name=\"your-pojazd\" \/><\/span> <\/label>\n<\/p>\n<p><label> Rok produkcji:<br \/>\n<span class=\"wpcf7-form-control-wrap\" data-name=\"your-rok\"><input size=\"40\" maxlength=\"400\" class=\"wpcf7-form-control wpcf7-text\" autocomplete=\"rok\" aria-invalid=\"false\" value=\"\" type=\"text\" name=\"your-rok\" \/><\/span> <\/label>\n<\/p>\n<p><label> Opis usterki*:<br \/>\n<span class=\"wpcf7-form-control-wrap\" data-name=\"your-message\"><textarea cols=\"40\" rows=\"10\" maxlength=\"2000\" class=\"wpcf7-form-control wpcf7-textarea wpcf7-validates-as-required\" aria-required=\"true\" aria-invalid=\"false\" name=\"your-message\"><\/textarea><\/span> <\/label>\n<\/p>\n<p><label><div id=\"mfcf7_zl_multifilecontainer\"><span class=\"mfcf7-zl-multiline-sample\" style=\"display:none\"><p class=\"wpcf7-form-control-wrap multilinefile-436\"><input size=\"40\" class=\"wpcf7-form-control wpcf7-multilinefile\" multiple=\"multiple\" value=\"Dodaj za\u0142\u0105czniki\" aria-invalid=\"false\" type=\"file\" name=\"multilinefile-436[]\" \/> <span class=\"mfcf7-zl-multifile-name\"><\/span><a href=\"javascript:void(0);\" class=\"mfcf7_zl_delete_file\"><span class=\"delete-file\" aria-hidden=\"true\">&#x274C;<\/span><\/a><\/p><\/span><\/div><span class=\"wpcf7-form-control-wrap zl-form-control-wrap multilinefile-436\"><input size=\"40\" class=\"wpcf7-form-control wpcf7-multilinefile\" multiple=\"multiple\" value=\"Dodaj za\u0142\u0105czniki\" aria-invalid=\"false\" type=\"file\" name=\"multilinefile-436[]\" \/> <span class=\"mfcf7-zl-multifile-name\"><\/span><a href=\"javascript:void(0);\" class=\"mfcf7_zl_delete_file\"><span class=\"delete-file\" aria-hidden=\"true\">&#x274C;<\/span><\/a><\/span><p><label><span class=\"wpcf7-form-control-wrap\" data-name=\"multilinefile-436-zl-mfcf7-upld-btn\"><input type=\"button\" name=\"multilinefile-436-zl-mfcf7-upld-btn\" class=\"button button-primary qbutton\" id=\"mfcf7_zl_add_file\" value=\"Dodaj za\u0142\u0105czniki\"><\/span><\/label><\/p><\/label>\n<\/p>\n<p><span class=\"wpcf7-form-control-wrap\" data-name=\"acceptance-203\"><span class=\"wpcf7-form-control wpcf7-acceptance optional\"><span class=\"wpcf7-list-item\"><input type=\"checkbox\" name=\"acceptance-203\" value=\"1\" aria-invalid=\"false\" \/><\/span><\/span><\/span><b> Wyra\u017cam zgod\u0119 na przetwarzanie moich danych osobowych podanych w formularzu w celu otrzymania odpowiedzi od firmy: Przedsi\u0119biorstwo Specjalistyczne \u201ebocar\u201d Sp. z o.o. Zosta\u0142em poinformowany, \u017ce:<\/b><br \/>\n&nbsp;\n<\/p>\n<p>&#8226; administratorem podanych danych jest firma: Przedsi\u0119biorstwo Specjalistyczne \u201ebocar\u201d Sp. z o.o.z siedzib\u0105 w Korwin\u00f3w ul. Ok\u00f3lna 15, 42-263 Wrzosowa<br \/>\n&#8226; podanie danych jest dobrowolne, ale niezb\u0119dne do przetworzenia zapytania;<br \/>\n&#8226; podane dane nie b\u0119d\u0105 udost\u0119pniane innym podmiotom;<br \/>\n&#8226; przys\u0142uguje mi prawo dost\u0119pu do swoich danych, mo\u017cliwo\u015bci ich poprawiania, \u017c\u0105dania zaprzestania ich przetwarzania;<br \/>\n&#8226; posiadam prawo wniesienia skargi do organu nadzorczego, gdy uznam, i\u017c przetwarzanie moich danych osobowych narusza przepisy og\u00f3lnego rozporz\u0105dzenia o ochronie danych osobowych z dnia 27 kwietnia 2016 r.;<br \/>\n&#8226; mam prawo do odwo\u0142ania zgody na przetwarzanie ww. danych;<br \/>\n&#8226; podane dane b\u0119d\u0105 przetwarzane przez okres niezb\u0119dny do wygenerowania odpowiedzi.\n<\/p>\n<p>&nbsp;\n<\/p>\n<p><input class=\"wpcf7-form-control wpcf7-submit has-spinner\" type=\"submit\" value=\"Wy\u015blij\" \/>\n<\/p><div class=\"wpcf7-response-output\" aria-hidden=\"true\"><\/div>\n<\/form>\n<\/div>\n[\/vc_column][\/vc_row]<\/p>\n<\/section>","protected":false},"excerpt":{"rendered":"<p>[vc_row css_animation=&#8221;&#8221; row_type=&#8221;row&#8221; use_row_as_full_screen_section=&#8221;no&#8221; type=&#8221;grid&#8221; angled_section=&#8221;no&#8221; text_align=&#8221;left&#8221; background_image_as_pattern=&#8221;without_pattern&#8221; z_index=&#8221;&#8221; css=&#8221;.vc_custom_1695209392984{padding-top: 40px !important;padding-bottom: 40px !important;}&#8221;][vc_column][vc_column_text] Prosimy o dok\u0142adne wype\u0142nienie wszystkich p\u00f3l formularza. [\/vc_column_text][\/vc_column][\/vc_row][vc_row css_animation=&#8221;&#8221; row_type=&#8221;row&#8221; use_row_as_full_screen_section=&#8221;no&#8221; type=&#8221;grid&#8221; angled_section=&#8221;no&#8221; text_align=&#8221;left&#8221; background_image_as_pattern=&#8221;without_pattern&#8221; z_index=&#8221;&#8221;][vc_column][\/vc_column][\/vc_row]<\/p>\n","protected":false},"author":1,"featured_media":0,"parent":0,"menu_order":0,"comment_status":"closed","ping_status":"closed","template":"full_width.php","meta":{"content-type":"","footnotes":""},"class_list":["post-38","page","type-page","status-publish","hentry"],"_links":{"self":[{"href":"https:\/\/www.bocar.com.pl\/zgloszenia-serwisowe\/index.php?rest_route=\/wp\/v2\/pages\/38","targetHints":{"allow":["GET"]}}],"collection":[{"href":"https:\/\/www.bocar.com.pl\/zgloszenia-serwisowe\/index.php?rest_route=\/wp\/v2\/pages"}],"about":[{"href":"https:\/\/www.bocar.com.pl\/zgloszenia-serwisowe\/index.php?rest_route=\/wp\/v2\/types\/page"}],"author":[{"embeddable":true,"href":"https:\/\/www.bocar.com.pl\/zgloszenia-serwisowe\/index.php?rest_route=\/wp\/v2\/users\/1"}],"replies":[{"embeddable":true,"href":"https:\/\/www.bocar.com.pl\/zgloszenia-serwisowe\/index.php?rest_route=%2Fwp%2Fv2%2Fcomments&post=38"}],"version-history":[{"count":13,"href":"https:\/\/www.bocar.com.pl\/zgloszenia-serwisowe\/index.php?rest_route=\/wp\/v2\/pages\/38\/revisions"}],"predecessor-version":[{"id":15542,"href":"https:\/\/www.bocar.com.pl\/zgloszenia-serwisowe\/index.php?rest_route=\/wp\/v2\/pages\/38\/revisions\/15542"}],"wp:attachment":[{"href":"https:\/\/www.bocar.com.pl\/zgloszenia-serwisowe\/index.php?rest_route=%2Fwp%2Fv2%2Fmedia&parent=38"}],"curies":[{"name":"wp","href":"https:\/\/api.w.org\/{rel}","templated":true}]}}